{"id":355,"date":"2022-03-25T08:53:41","date_gmt":"2022-03-25T07:53:41","guid":{"rendered":"https:\/\/kiwanis-kidscup.de\/?page_id=355"},"modified":"2022-03-25T10:35:57","modified_gmt":"2022-03-25T09:35:57","slug":"impressum","status":"publish","type":"page","link":"https:\/\/kiwanis-kidscup.de\/?page_id=355","title":{"rendered":"Impressum"},"content":{"rendered":"<div id=\"cc-matrix-3195947860\">\n<div id=\"cc-m-11308745660\" class=\"j-module n j-text \">\n<p><strong>Info<\/strong><\/p>\n<p>Kiwanis ist eine weltweite Organisation von Freiwilligen, die sich aktiv f\u00fcr das Wohl von Kindern und der Gemeinschaft einsetzen.<\/p>\n<p><strong>Impressum<\/strong><\/p>\n<p>KIWANIS Club Bad Schwartau e.V.<\/p>\n<div class=\"_5aj7 _3-8j\">\n<div class=\"_4bl9\">\n<div class=\"text_exposed_root text_exposed\">\u00a0<\/div>\n<div class=\"text_exposed_root text_exposed\"><span class=\"text_exposed_show\">\u00a0<\/span><\/div>\n<\/div>\n<\/div>\n<\/div>\n<\/div>\n\n\n<figure class=\"wp-block-table\"><table><tbody><tr><td>Postanschrift:<br>KIWANIS Club Bad Schwartau e.v.<br>c\/o Uwe Witaszak<br>Hamburger Strasse 36<br>23611 Bad Schwartau<\/td><td><\/td><\/tr><\/tbody><\/table><\/figure>\n\n\n<p><strong>Haftungsausschluss<\/strong><\/p>\n<p>Mit Urteil vom 12.Mai 1998 hat das LG Hamburg entschieden, dass man durch die Ausbringung eines Links die Inhalte der gelinkten Seite ggf. mit zu verantworten hat. Dies kann, so das LG, nur dadurch verhindert werden, dass man sich ausdr\u00fccklich von diesen Inhalten distanziert. Wir haben auf unseren Seiten Links zu Seiten im Internet gelegt, deren Inhalt und Aktualisierung nicht dem Einflussbereich des &#8222;Kiwanis Club Bad Schwartau&#8220; unterliegen. F\u00fcr alle diese Links gilt: &#8222;Der &#8222;Kiwanis Club Bad Schwartau&#8220; hat keinen Einfluss auf Gestaltung und Inhalte fremder Internetseiten. Der Club distanziert sich daher von allen fremden Inhalten, auch wenn von Seiten des Clubs auf diese externe Seiten ein Link gesetzt wurde.&#8220; Diese Erkl\u00e4rung gilt f\u00fcr alle auf unserer Homepage angezeigten Links und f\u00fcr alle Inhalte der Seiten, zu denen die bei uns angemeldeten Banner und Links f\u00fchren.<\/p>","protected":false},"excerpt":{"rendered":"<p>Info Kiwanis ist eine weltweite Organisation von Freiwilligen, die sich aktiv f\u00fcr das Wohl von Kindern und der Gemeinschaft einsetzen. Impressum KIWANIS Club Bad Schwartau e.V. \u00a0 \u00a0 Postanschrift:KIWANIS Club Bad Schwartau e.v.c\/o Uwe WitaszakHamburger Strasse 3623611 Bad Schwartau Haftungsausschluss Mit Urteil vom 12.Mai 1998 hat das LG Hamburg entschieden, dass man durch die Ausbringung [&hellip;]<\/p>\n","protected":false},"author":1,"featured_media":0,"parent":0,"menu_order":0,"comment_status":"closed","ping_status":"closed","template":"","meta":{"footnotes":""},"class_list":["post-355","page","type-page","status-publish","hentry"],"_links":{"self":[{"href":"https:\/\/kiwanis-kidscup.de\/index.php?rest_route=\/wp\/v2\/pages\/355","targetHints":{"allow":["GET"]}}],"collection":[{"href":"https:\/\/kiwanis-kidscup.de\/index.php?rest_route=\/wp\/v2\/pages"}],"about":[{"href":"https:\/\/kiwanis-kidscup.de\/index.php?rest_route=\/wp\/v2\/types\/page"}],"author":[{"embeddable":true,"href":"https:\/\/kiwanis-kidscup.de\/index.php?rest_route=\/wp\/v2\/users\/1"}],"replies":[{"embeddable":true,"href":"https:\/\/kiwanis-kidscup.de\/index.php?rest_route=%2Fwp%2Fv2%2Fcomments&post=355"}],"version-history":[{"count":4,"href":"https:\/\/kiwanis-kidscup.de\/index.php?rest_route=\/wp\/v2\/pages\/355\/revisions"}],"predecessor-version":[{"id":509,"href":"https:\/\/kiwanis-kidscup.de\/index.php?rest_route=\/wp\/v2\/pages\/355\/revisions\/509"}],"wp:attachment":[{"href":"https:\/\/kiwanis-kidscup.de\/index.php?rest_route=%2Fwp%2Fv2%2Fmedia&parent=355"}],"curies":[{"name":"wp","href":"https:\/\/api.w.org\/{rel}","templated":true}]}}